{"id":9489,"date":"2020-10-15T12:33:35","date_gmt":"2020-10-15T17:33:35","guid":{"rendered":"https:\/\/margainabogados.com\/?page_id=9489"},"modified":"2020-10-15T13:38:55","modified_gmt":"2020-10-15T18:38:55","slug":"mauricio-rojas-salazar","status":"publish","type":"page","link":"https:\/\/margainabogados.com\/en\/mauricio-rojas-salazar\/","title":{"rendered":"Lic. Mauricio Rojas Salazar"},"content":{"rendered":"<style type=\"text\/css\" data-type=\"vc_cmsms_shortcodes-custom-css\"><\/style><div class=\"vc_row wpb_row vc_row-fluid vc_custom_1523972564928 ccs_default\"><div class=\"wpb_column vc_column_container vc_col-sm-12\"><div class=\"vc_column-inner vc_custom_1523972438973\"><div class=\"wpb_wrapper\"><h2 style=\"text-align: left\" class=\"vc_custom_heading vc_custom_1602783267937\" >Lic. Mauricio Rojas Salazar<\/h2><h2 style=\"font-size: 14px;color: #c93126;text-align: left\" class=\"vc_custom_heading vc_custom_1602786896351\" >Associated<\/h2><\/div><\/div><\/div><\/div><div class=\"vc_row wpb_row vc_row-fluid vc_custom_1523976294937 ccs_default vc_column-gap-35\"><div class=\"wpb_column vc_column_container vc_col-sm-8\"><div class=\"vc_column-inner vc_custom_1523972492860\"><div class=\"wpb_wrapper\">\n\t<div  class=\"wpb_single_image wpb_content_element vc_align_center\">\n\t\t\n\t\t<figure class=\"wpb_wrapper vc_figure\">\n\t\t\t<div class=\"vc_single_image-wrapper   vc_box_border_grey\"><img loading=\"lazy\" decoding=\"async\" width=\"2560\" height=\"1707\" src=\"https:\/\/margainabogados.com\/wp-content\/uploads\/2020\/10\/Photo-06-min-scaled.jpg\" class=\"vc_single_image-img attachment-full\" alt=\"\" srcset=\"https:\/\/margainabogados.com\/wp-content\/uploads\/2020\/10\/Photo-06-min-scaled.jpg 2560w, https:\/\/margainabogados.com\/wp-content\/uploads\/2020\/10\/Photo-06-min-300x200.jpg 300w, https:\/\/margainabogados.com\/wp-content\/uploads\/2020\/10\/Photo-06-min-1024x683.jpg 1024w, https:\/\/margainabogados.com\/wp-content\/uploads\/2020\/10\/Photo-06-min-768x512.jpg 768w, https:\/\/margainabogados.com\/wp-content\/uploads\/2020\/10\/Photo-06-min-1536x1024.jpg 1536w, https:\/\/margainabogados.com\/wp-content\/uploads\/2020\/10\/Photo-06-min-2048x1365.jpg 2048w, https:\/\/margainabogados.com\/wp-content\/uploads\/2020\/10\/Photo-06-min-900x600.jpg 900w, https:\/\/margainabogados.com\/wp-content\/uploads\/2020\/10\/Photo-06-min-1200x800.jpg 1200w, https:\/\/margainabogados.com\/wp-content\/uploads\/2020\/10\/Photo-06-min-600x400.jpg 600w\" sizes=\"auto, (max-width: 2560px) 100vw, 2560px\" \/><\/div>\n\t\t<\/figure>\n\t<\/div>\n\n\t<div class=\"wpb_text_column wpb_content_element\" >\n\t\t<div class=\"wpb_wrapper\">\n\t\t\t<h3>Practice areas<\/h3>\n<h6><span style=\"color: #808080;\">Corporate law, civil and commercial litigation.<\/span><\/h6>\n<h3>Professional experience<\/h3>\n<h6><span style=\"font-weight: 400; color: #808080;\">Mr. Rojas began his career as an intern in the corporate area in the Savings Pharmacies Legal Department, taking care of issues related to the Corporate Secretariat of the parent company and its subsidiaries.\u00a0<\/span><\/h6>\n<h6><span style=\"font-weight: 400; color: #808080;\">Later, he joined the legal office of A2M ASESORES, SC, in which he was in charge of various matters related to the Corporate Secretariat of different companies, as well as issues related to SOFOM&#039;s, specifically fulfilling orders issued by the CONDUSEF to regularize contracts of credit. Likewise, he worked in the area of Foreign Investment, entrusted to comply with the annual obligations before the Ministry of Economy, of companies with foreign capital, as well as issues related to capital injections by the World Bank to Mexican companies, having to comply with all legal requirements for such investments. Likewise, he performed multiple translations of legal documents from legal English to Spanish and vice versa.\u00a0<\/span><\/h6>\n<h6><span style=\"font-weight: 400; color: #808080;\">\u00a0To date, Mr. Rojas works in the transnational paper business CMPC, in which he reviews and drafts civil, commercial and e-commerce contracts, as well as the coordination and planning of civil, commercial and work with external offices. In addition, he is in charge of the Corporate Secretariat area of the parent company and its subsidiaries.\u00a0<\/span><\/h6>\n<h6><span style=\"font-weight: 400; color: #808080;\">Finally, Mr. Rojas joins the Marg\u00e1in Abogados team in 2019 as an external advisor on corporate, civil and commercial law issues.<\/span><\/h6>\n\n\t\t<\/div>\n\t<\/div>\n<\/div><\/div><\/div><div class=\"wpb_column vc_column_container vc_col-sm-4\"><div class=\"vc_column-inner vc_custom_1484053228560\"><div class=\"wpb_wrapper\"><div class=\"vc_row wpb_row vc_inner vc_row-fluid vc_custom_1523976524088 vc_row-has-fill\"><div class=\"wpb_column vc_column_container vc_col-sm-12 vc_col-has-fill\"><div class=\"vc_column-inner vc_custom_1524032408983\"><div class=\"wpb_wrapper\"><h3 style=\"text-align: left\" class=\"vc_custom_heading vc_custom_1602786873131\" >Education<\/h3><p style=\"font-size: 14px;text-align: left\" class=\"vc_custom_heading\" ><\/p>\n\t<div class=\"wpb_text_column wpb_content_element  vc_custom_1602786864129\" >\n\t\t<div class=\"wpb_wrapper\">\n\t\t\t<h6><span style=\"font-weight: 400; color: #808080;\">Graduated from the Instituto Tecnol\u00f3gico y de Estudios Superiores de Monterrey (ITESM) with a degree in Law.<\/span><\/h6>\n<h6><span style=\"font-weight: 400; color: #808080;\">Studies abroad at the University of West Hungary, now the University of Sopron, in which he studied International Economics and Finance.<\/span><\/h6>\n<h6><span style=\"color: #808080;\"><strong>Languages:<\/strong> <span style=\"font-weight: 400;\">Spanish, English (100%)<\/span><\/span><\/h6>\n\n\t\t<\/div>\n\t<\/div>\n<\/div><\/div><\/div><\/div><\/div><\/div><\/div><\/div>","protected":false},"excerpt":{"rendered":"Lic. Mauricio Rojas SalazarAsociado \u00c1reas de pr\u00e1ctica Derecho corporativo, litigio civil y mercantil. Experiencia profesional El Lic. Rojas inici\u00f3 su carrera como pasante del \u00e1rea corporativa en el Departamento Jur\u00eddico de Farmacias del Ahorro, encarg\u00e1ndose de temas relacionados a la Secretar\u00eda Corporativa de la empresa matriz y sus subsidiarias.\u00a0 Despu\u00e9s se incorpora al despacho jur\u00eddico...","protected":false},"author":2,"featured_media":0,"parent":0,"menu_order":0,"comment_status":"closed","ping_status":"closed","template":"","meta":{"footnotes":""},"class_list":["post-9489","page","type-page","status-publish","hentry"],"_links":{"self":[{"href":"https:\/\/margainabogados.com\/en\/wp-json\/wp\/v2\/pages\/9489","targetHints":{"allow":["GET"]}}],"collection":[{"href":"https:\/\/margainabogados.com\/en\/wp-json\/wp\/v2\/pages"}],"about":[{"href":"https:\/\/margainabogados.com\/en\/wp-json\/wp\/v2\/types\/page"}],"author":[{"embeddable":true,"href":"https:\/\/margainabogados.com\/en\/wp-json\/wp\/v2\/users\/2"}],"replies":[{"embeddable":true,"href":"https:\/\/margainabogados.com\/en\/wp-json\/wp\/v2\/comments?post=9489"}],"version-history":[{"count":5,"href":"https:\/\/margainabogados.com\/en\/wp-json\/wp\/v2\/pages\/9489\/revisions"}],"predecessor-version":[{"id":9525,"href":"https:\/\/margainabogados.com\/en\/wp-json\/wp\/v2\/pages\/9489\/revisions\/9525"}],"wp:attachment":[{"href":"https:\/\/margainabogados.com\/en\/wp-json\/wp\/v2\/media?parent=9489"}],"curies":[{"name":"wp","href":"https:\/\/api.w.org\/{rel}","templated":true}]}}