{"id":9486,"date":"2020-10-15T12:06:08","date_gmt":"2020-10-15T17:06:08","guid":{"rendered":"https:\/\/margainabogados.com\/?page_id=9486"},"modified":"2020-10-15T13:43:22","modified_gmt":"2020-10-15T18:43:22","slug":"fernando-j-margain-sada","status":"publish","type":"page","link":"https:\/\/margainabogados.com\/en\/fernando-j-margain-sada\/","title":{"rendered":"Lic. Fernando J. Marg\u00e1in Sada"},"content":{"rendered":"<style type=\"text\/css\" data-type=\"vc_cmsms_shortcodes-custom-css\"><\/style><div class=\"vc_row wpb_row vc_row-fluid vc_custom_1523972564928 ccs_default\"><div class=\"wpb_column vc_column_container vc_col-sm-12\"><div class=\"vc_column-inner vc_custom_1523972438973\"><div class=\"wpb_wrapper\"><h2 style=\"text-align: left\" class=\"vc_custom_heading vc_custom_1602781612029\" >Lic. Fernando J. Marg\u00e1in Sada<\/h2><h2 style=\"font-size: 14px;color: #c93126;text-align: left\" class=\"vc_custom_heading vc_custom_1602779933172\" >Partner<\/h2><\/div><\/div><\/div><\/div><div class=\"vc_row wpb_row vc_row-fluid vc_custom_1523976294937 ccs_default vc_column-gap-35\"><div class=\"wpb_column vc_column_container vc_col-sm-8\"><div class=\"vc_column-inner vc_custom_1523972492860\"><div class=\"wpb_wrapper\">\n\t<div  class=\"wpb_single_image wpb_content_element vc_align_center\">\n\t\t\n\t\t<figure class=\"wpb_wrapper vc_figure\">\n\t\t\t<div class=\"vc_single_image-wrapper   vc_box_border_grey\"><img loading=\"lazy\" decoding=\"async\" width=\"2560\" height=\"1707\" src=\"https:\/\/margainabogados.com\/wp-content\/uploads\/2020\/10\/Photo-07-min-scaled.jpg\" class=\"vc_single_image-img attachment-full\" alt=\"\" srcset=\"https:\/\/margainabogados.com\/wp-content\/uploads\/2020\/10\/Photo-07-min-scaled.jpg 2560w, https:\/\/margainabogados.com\/wp-content\/uploads\/2020\/10\/Photo-07-min-300x200.jpg 300w, https:\/\/margainabogados.com\/wp-content\/uploads\/2020\/10\/Photo-07-min-1024x683.jpg 1024w, https:\/\/margainabogados.com\/wp-content\/uploads\/2020\/10\/Photo-07-min-768x512.jpg 768w, https:\/\/margainabogados.com\/wp-content\/uploads\/2020\/10\/Photo-07-min-1536x1024.jpg 1536w, https:\/\/margainabogados.com\/wp-content\/uploads\/2020\/10\/Photo-07-min-2048x1365.jpg 2048w, https:\/\/margainabogados.com\/wp-content\/uploads\/2020\/10\/Photo-07-min-900x600.jpg 900w, https:\/\/margainabogados.com\/wp-content\/uploads\/2020\/10\/Photo-07-min-1200x800.jpg 1200w, https:\/\/margainabogados.com\/wp-content\/uploads\/2020\/10\/Photo-07-min-600x400.jpg 600w\" sizes=\"auto, (max-width: 2560px) 100vw, 2560px\" \/><\/div>\n\t\t<\/figure>\n\t<\/div>\n\n\t<div class=\"wpb_text_column wpb_content_element\" >\n\t\t<div class=\"wpb_wrapper\">\n\t\t\t<h3><span style=\"color: #333333;\">Professional experience<\/span><\/h3>\n<h6><span style=\"color: #808080;\">1. LEGAL ADVISOR to companies and financial institutions in corporate, financial, real estate and wealth planning areas, particularly in (i) international and national debt issues, and (ii) international and national structured credits. The foregoing includes the structuring, negotiation and execution of the transactions, as well as that related to compliance with the provisions and rules issued by the National Banking and Securities Commission and any other applicable law. In these transactions, the tax advice that the same transactions require is also included.<\/span><\/h6>\n<h6><span style=\"color: #808080;\">Additionally, he has advised individuals to carry out their wealth planning in relation to their business strategy and life plan to ensure the efficient and safe transfer of their asset portfolio. Mayer, Brown (New York) from 2000 to 2003 Thompson &amp; Knight (Monterrey) from 2003 to 2010; 2007 to 2008 in New York office DLA Piper (New York) from 2010 to 2014 Marg\u00e0in Abogados, SC from 2014 to date.<\/span><\/h6>\n<h6><span style=\"color: #808080;\">2. BUSINESSMAN. In 2007 he founded the company MASA TRADE, SA de CV, where he currently participates as Director.<\/span><\/h6>\n<h6><span style=\"color: #808080;\">3. MEMBER OF THE BOARD OF DIRECTORS. He has participated as a member of the board of directors of various companies.<\/span><\/h6>\n\n\t\t<\/div>\n\t<\/div>\n<\/div><\/div><\/div><div class=\"wpb_column vc_column_container vc_col-sm-4\"><div class=\"vc_column-inner vc_custom_1484053228560\"><div class=\"wpb_wrapper\"><div class=\"vc_row wpb_row vc_inner vc_row-fluid vc_custom_1523976524088 vc_row-has-fill\"><div class=\"wpb_column vc_column_container vc_col-sm-12 vc_col-has-fill\"><div class=\"vc_column-inner vc_custom_1524032408983\"><div class=\"wpb_wrapper\"><h3 style=\"text-align: left\" class=\"vc_custom_heading vc_custom_1602785799996\" >Education<\/h3><p style=\"font-size: 14px;text-align: left\" class=\"vc_custom_heading\" ><\/p>\n\t<div class=\"wpb_text_column wpb_content_element  vc_custom_1602786142319\" >\n\t\t<div class=\"wpb_wrapper\">\n\t\t\t<h6><span style=\"color: #808080;\">Law degree from the University of Monterrey (1994-1998).<\/span><\/h6>\n<h6><span style=\"color: #808080;\">Master of Science at New York University (2000)<\/span><\/h6>\n<h6><span style=\"color: #808080;\"><strong>Languages:<\/strong> English and Spanish.<\/span><\/h6>\n\n\t\t<\/div>\n\t<\/div>\n<h3 style=\"text-align: left\" class=\"vc_custom_heading vc_custom_1602785809889\" >Teaching activity<\/h3>\n\t<div class=\"wpb_text_column wpb_content_element  vc_custom_1602786156410\" >\n\t\t<div class=\"wpb_wrapper\">\n\t\t\t<h6><span style=\"color: #808080;\">Master at the University of Monterrey from 2003 to 2005.<\/span><\/h6>\n\n\t\t<\/div>\n\t<\/div>\n<\/div><\/div><\/div><\/div><\/div><\/div><\/div><\/div>","protected":false},"excerpt":{"rendered":"Lic. Fernando J. Marg\u00e1in SadaSocio Experiencia profesional 1. ASESOR JUR\u00cdDICO de empresas e instituciones financieras en \u00e1reas corporativa, financiera, inmobiliaria y de planeaci\u00f3n patrimonial, particularmente en (i) emisiones de deuda internacional y nacional, y (ii) cr\u00e9ditos estructurados internacionales y nacionales. Lo anterior, incluye la estructuraci\u00f3n, negociaci\u00f3n y ejecuci\u00f3n de las transacciones, as\u00ed como lo relacionado...","protected":false},"author":2,"featured_media":0,"parent":0,"menu_order":0,"comment_status":"closed","ping_status":"closed","template":"","meta":{"footnotes":""},"class_list":["post-9486","page","type-page","status-publish","hentry"],"_links":{"self":[{"href":"https:\/\/margainabogados.com\/en\/wp-json\/wp\/v2\/pages\/9486","targetHints":{"allow":["GET"]}}],"collection":[{"href":"https:\/\/margainabogados.com\/en\/wp-json\/wp\/v2\/pages"}],"about":[{"href":"https:\/\/margainabogados.com\/en\/wp-json\/wp\/v2\/types\/page"}],"author":[{"embeddable":true,"href":"https:\/\/margainabogados.com\/en\/wp-json\/wp\/v2\/users\/2"}],"replies":[{"embeddable":true,"href":"https:\/\/margainabogados.com\/en\/wp-json\/wp\/v2\/comments?post=9486"}],"version-history":[{"count":9,"href":"https:\/\/margainabogados.com\/en\/wp-json\/wp\/v2\/pages\/9486\/revisions"}],"predecessor-version":[{"id":9513,"href":"https:\/\/margainabogados.com\/en\/wp-json\/wp\/v2\/pages\/9486\/revisions\/9513"}],"wp:attachment":[{"href":"https:\/\/margainabogados.com\/en\/wp-json\/wp\/v2\/media?parent=9486"}],"curies":[{"name":"wp","href":"https:\/\/api.w.org\/{rel}","templated":true}]}}