{"id":9481,"date":"2020-10-15T12:01:25","date_gmt":"2020-10-15T17:01:25","guid":{"rendered":"https:\/\/margainabogados.com\/?page_id=9481"},"modified":"2020-10-15T13:40:58","modified_gmt":"2020-10-15T18:40:58","slug":"lic-antonio-rojas-salazar","status":"publish","type":"page","link":"https:\/\/margainabogados.com\/en\/lic-antonio-rojas-salazar\/","title":{"rendered":"Lic. Antonio Rojas Salazar"},"content":{"rendered":"<style type=\"text\/css\" data-type=\"vc_cmsms_shortcodes-custom-css\"><\/style><div class=\"vc_row wpb_row vc_row-fluid vc_custom_1523972564928 ccs_default\"><div class=\"wpb_column vc_column_container vc_col-sm-12\"><div class=\"vc_column-inner vc_custom_1523972438973\"><div class=\"wpb_wrapper\"><h2 style=\"text-align: left\" class=\"vc_custom_heading vc_custom_1602781352816\" >Lic. Antonio Rojas Salazar<\/h2><h2 style=\"font-size: 14px;color: #c93126;text-align: left\" class=\"vc_custom_heading vc_custom_1602786744716\" >Associated<\/h2><\/div><\/div><\/div><\/div><div class=\"vc_row wpb_row vc_row-fluid vc_custom_1523976294937 ccs_default vc_column-gap-35\"><div class=\"wpb_column vc_column_container vc_col-sm-8\"><div class=\"vc_column-inner vc_custom_1523972492860\"><div class=\"wpb_wrapper\">\n\t<div  class=\"wpb_single_image wpb_content_element vc_align_center\">\n\t\t\n\t\t<figure class=\"wpb_wrapper vc_figure\">\n\t\t\t<div class=\"vc_single_image-wrapper   vc_box_border_grey\"><img loading=\"lazy\" decoding=\"async\" width=\"2560\" height=\"1707\" src=\"https:\/\/margainabogados.com\/wp-content\/uploads\/2020\/10\/Photo-05-min-scaled.jpg\" class=\"vc_single_image-img attachment-full\" alt=\"\" srcset=\"https:\/\/margainabogados.com\/wp-content\/uploads\/2020\/10\/Photo-05-min-scaled.jpg 2560w, https:\/\/margainabogados.com\/wp-content\/uploads\/2020\/10\/Photo-05-min-300x200.jpg 300w, https:\/\/margainabogados.com\/wp-content\/uploads\/2020\/10\/Photo-05-min-1024x683.jpg 1024w, https:\/\/margainabogados.com\/wp-content\/uploads\/2020\/10\/Photo-05-min-768x512.jpg 768w, https:\/\/margainabogados.com\/wp-content\/uploads\/2020\/10\/Photo-05-min-1536x1024.jpg 1536w, https:\/\/margainabogados.com\/wp-content\/uploads\/2020\/10\/Photo-05-min-2048x1365.jpg 2048w, https:\/\/margainabogados.com\/wp-content\/uploads\/2020\/10\/Photo-05-min-900x600.jpg 900w, https:\/\/margainabogados.com\/wp-content\/uploads\/2020\/10\/Photo-05-min-1200x800.jpg 1200w, https:\/\/margainabogados.com\/wp-content\/uploads\/2020\/10\/Photo-05-min-600x400.jpg 600w\" sizes=\"auto, (max-width: 2560px) 100vw, 2560px\" \/><\/div>\n\t\t<\/figure>\n\t<\/div>\n\n\t<div class=\"wpb_text_column wpb_content_element\" >\n\t\t<div class=\"wpb_wrapper\">\n\t\t\t<h3>Practice areas<\/h3>\n<h6><span style=\"color: #808080;\">Corporate and financial law, litigation in civil, commercial, administrative and criminal matters.<\/span><\/h6>\n<h3>Professional experience<\/h3>\n<h6><span style=\"color: #808080;\">Mr. Rojas began his career as an intern in the corporate area at the Arizpe Vald\u00e9s firm and <\/span><span style=\"color: #808080;\">Marcos, later moving to the litigation area of the same office.<\/span><br \/>\n<span style=\"color: #808080;\">After joining the legal team of Vector Casa de Bolsa, collaborating in the comptroller and corporate area, where he is in charge of compliance with financial regulations.<\/span><\/h6>\n<h6><span style=\"color: #808080;\">Subsequently, he goes to Corporate Aliant Empresarial as a junior associate, in charge of the company&#039;s corporate area, as well as its administrative procedures.<\/span><\/h6>\n<h6><span style=\"color: #808080;\">Finally he goes to Afore Invercap, where he worked in the legal area, under review and <\/span><span style=\"color: #808080;\">preparation of corporate documents and updating of its corporate secretariat as well as <\/span><span style=\"color: #808080;\">of compliance with the National Commission of the Retirement Savings System.<\/span><br \/>\n<span style=\"color: #808080;\">Mr. Rojas joined the team in 2017 as a junior associate, collaborating in various corporate matters, as well as in civil, commercial, administrative and criminal litigation.<\/span><\/h6>\n\n\t\t<\/div>\n\t<\/div>\n<\/div><\/div><\/div><div class=\"wpb_column vc_column_container vc_col-sm-4\"><div class=\"vc_column-inner vc_custom_1484053228560\"><div class=\"wpb_wrapper\"><div class=\"vc_row wpb_row vc_inner vc_row-fluid vc_custom_1523976524088 vc_row-has-fill\"><div class=\"wpb_column vc_column_container vc_col-sm-12 vc_col-has-fill\"><div class=\"vc_column-inner vc_custom_1524032408983\"><div class=\"wpb_wrapper\"><h3 style=\"text-align: left\" class=\"vc_custom_heading vc_custom_1602786711635\" >Education<\/h3><p style=\"font-size: 14px;text-align: left\" class=\"vc_custom_heading\" ><\/p>\n\t<div class=\"wpb_text_column wpb_content_element  vc_custom_1602786705182\" >\n\t\t<div class=\"wpb_wrapper\">\n\t\t\t<h6><span style=\"color: #808080;\">Degree in Legal Sciences from the Universidad Regiomontana<\/span><\/h6>\n<h6><span style=\"color: #808080;\"><strong>Languages:<\/strong> Spanish, English, French.<\/span><\/h6>\n\n\t\t<\/div>\n\t<\/div>\n<\/div><\/div><\/div><\/div><\/div><\/div><\/div><\/div>","protected":false},"excerpt":{"rendered":"Lic. Antonio Rojas SalazarAsociado \u00c1reas de pr\u00e1ctica Derecho corporativo y financiero, litigios en materia civil, mercantil, administrativa y penal. Experiencia profesional El Lic. Rojas inici\u00f3 su carrera como pasante del \u00e1rea corporativa en el despacho Arizpe Vald\u00e9s y Marcos, posteriormente pasando al \u00e1rea de litigios del mismo despacho. Despu\u00e9s de incorpora al equipo legal de...","protected":false},"author":2,"featured_media":0,"parent":0,"menu_order":0,"comment_status":"closed","ping_status":"closed","template":"","meta":{"footnotes":""},"class_list":["post-9481","page","type-page","status-publish","hentry"],"_links":{"self":[{"href":"https:\/\/margainabogados.com\/en\/wp-json\/wp\/v2\/pages\/9481","targetHints":{"allow":["GET"]}}],"collection":[{"href":"https:\/\/margainabogados.com\/en\/wp-json\/wp\/v2\/pages"}],"about":[{"href":"https:\/\/margainabogados.com\/en\/wp-json\/wp\/v2\/types\/page"}],"author":[{"embeddable":true,"href":"https:\/\/margainabogados.com\/en\/wp-json\/wp\/v2\/users\/2"}],"replies":[{"embeddable":true,"href":"https:\/\/margainabogados.com\/en\/wp-json\/wp\/v2\/comments?post=9481"}],"version-history":[{"count":5,"href":"https:\/\/margainabogados.com\/en\/wp-json\/wp\/v2\/pages\/9481\/revisions"}],"predecessor-version":[{"id":9522,"href":"https:\/\/margainabogados.com\/en\/wp-json\/wp\/v2\/pages\/9481\/revisions\/9522"}],"wp:attachment":[{"href":"https:\/\/margainabogados.com\/en\/wp-json\/wp\/v2\/media?parent=9481"}],"curies":[{"name":"wp","href":"https:\/\/api.w.org\/{rel}","templated":true}]}}