{"id":4035,"date":"2016-12-28T13:23:09","date_gmt":"2016-12-28T13:23:09","guid":{"rendered":"http:\/\/attorney-at-law.cmsmasters.net\/?page_id=4035"},"modified":"2020-01-09T23:34:45","modified_gmt":"2020-01-10T05:34:45","slug":"contact-us","status":"publish","type":"page","link":"https:\/\/margainabogados.com\/en\/contact-us\/","title":{"rendered":"Contact us"},"content":{"rendered":"<style type=\"text\/css\" data-type=\"vc_cmsms_shortcodes-custom-css\"><\/style><div data-vc-full-width=\"true\" data-vc-full-width-init=\"false\" data-vc-stretch-content=\"true\" class=\"vc_row wpb_row vc_row-fluid vc_custom_1519121501343 ccs_default vc_row-has-fill vc_row-no-padding\"><div class=\"wpb_column vc_column_container vc_col-sm-12 vc_col-has-fill\"><div class=\"vc_column-inner vc_custom_1519117916998\"><div class=\"wpb_wrapper\"><div class=\"wpb_gmaps_widget wpb_content_element vc_custom_1576783163905\">\n\t\t<div class=\"wpb_wrapper\">\n\t\t<div class=\"wpb_map_wraper\">\n\t\t\t<iframe loading=\"lazy\" src=\"https:\/\/www.google.com\/maps\/embed?pb=!1m18!1m12!1m3!1d3595.93635148104!2d-100.3388567045501!3d25.67340453977917!2m3!1f0!2f0!3f0!3m2!1i1024!2i768!4f13.1!3m3!1m2!1s0x866295f800d12a4f%3A0x39e6f3643e3b01ab!2sMexico%20102%2C%20Centro%2C%2064000%20Monterrey%2C%20N.L.!5e0!3m2!1ses-419!2smx!4v1576783144261!5m2!1ses-419!2smx\" width=\"600\" height=\"450\" frameborder=\"0\" style=\"border:0;\" allowfullscreen=\"\"><\/iframe>\t\t<\/div>\n\t<\/div>\n<\/div>\n<\/div><\/div><\/div><\/div><div class=\"vc_row-full-width vc_clearfix\"><\/div><div class=\"vc_row wpb_row vc_row-fluid vc_custom_1578601835157 ccs_default vc_row-has-fill\"><div class=\"wpb_column vc_column_container vc_col-sm-4 vc_col-has-fill\"><div class=\"vc_column-inner vc_custom_1578604827332\"><div class=\"wpb_wrapper\"><h3 style=\"font-size: 24px;color: #00539e;text-align: center\" class=\"vc_custom_heading\" >CONTACT INFORMATION<\/h3>\n\t<div class=\"wpb_text_column wpb_content_element  vc_custom_1578617096453\" >\n\t\t<div class=\"wpb_wrapper\">\n\t\t\t<p style=\"text-align: center;\"><span style=\"color: #ffffff;\">Contact us to have the pleasure of providing you with the best legal advice in Monterrey.<\/span><\/p>\n\n\t\t<\/div>\n\t<\/div>\n<div id=\"cmsms_shcd_5e17c8e80f9e56_83266287\" class=\"cmsms_icon_box cmsms_shcd_5e17c8e80f9e56_83266287 wpb_content_element vc_clearfix cmsms_icon_position_box_top_center vc_custom_1578617083981\"><section class=\"cmsms_icon_box_inner\"><a class=\"cmsms_icon_box_link\" href=\"https:\/\/margainabogados.com\/en\/\"><\/a><div class=\"cmsms_icon_box_icon_wrap\"><span class=\"cmsms_icon_box_icon Theme-Default-Icons-globe-alt-2\"><\/span><\/div><div class=\"cmsms_icon_box_content\"><header class=\"cmsms_icon_box_header\"><div class=\"cmsms_icon_box_header_inner\"><p class=\"cmsms_icon_box_subtitle cmsms_subtitle_alignment_center\">margainabogados.com<\/p><\/div><\/header><\/div><\/section><\/div><div id=\"cmsms_shcd_5e17c90ba9cc39_56249003\" class=\"cmsms_icon_box cmsms_shcd_5e17c90ba9cc39_56249003 wpb_content_element vc_clearfix cmsms_icon_position_box_top_center vc_custom_1578617108242\"><section class=\"cmsms_icon_box_inner\"><a class=\"cmsms_icon_box_link\" href=\"https:\/\/mail.google.com\/mail\/u\/0\/?view=cm&#038;fs=1&#038;tf=1&#038;source=mailto&#038;to=contacto@margainabogados.com\"><\/a><div class=\"cmsms_icon_box_icon_wrap\"><span class=\"cmsms_icon_box_icon Theme-Default-Icons-mail-3\"><\/span><\/div><div class=\"cmsms_icon_box_content\"><header class=\"cmsms_icon_box_header\"><div class=\"cmsms_icon_box_header_inner\"><p class=\"cmsms_icon_box_subtitle cmsms_subtitle_alignment_center\">contact @ margainabogados.com<\/p><\/div><\/header><\/div><\/section><\/div><div id=\"cmsms_shcd_5e180cd61104c0_14918656\" class=\"cmsms_icon_box cmsms_shcd_5e180cd61104c0_14918656 wpb_content_element vc_clearfix cmsms_icon_position_box_top_center vc_custom_1578634462135\"><section class=\"cmsms_icon_box_inner\"><div class=\"cmsms_icon_box_icon_wrap\"><span class=\"cmsms_icon_box_icon Theme-Default-Icons-phone-4\"><\/span><\/div><div class=\"cmsms_icon_box_content\"><header class=\"cmsms_icon_box_header\"><div class=\"cmsms_icon_box_header_inner\"><p class=\"cmsms_icon_box_subtitle cmsms_subtitle_alignment_center\">+52 81 8333 1919<\/p><\/div><\/header><\/div><\/section><\/div><div id=\"cmsms_shcd_5e17c9246790f1_67735882\" class=\"cmsms_icon_box cmsms_shcd_5e17c9246790f1_67735882 wpb_content_element vc_clearfix cmsms_icon_position_box_top_center vc_custom_1578617131480\"><section class=\"cmsms_icon_box_inner\"><div class=\"cmsms_icon_box_icon_wrap\"><span class=\"cmsms_icon_box_icon Theme-Default-Icons-location-3\"><\/span><\/div><div class=\"cmsms_icon_box_content\"><header class=\"cmsms_icon_box_header\"><div class=\"cmsms_icon_box_header_inner\"><p class=\"cmsms_icon_box_subtitle cmsms_subtitle_alignment_center\">Calle M\u00e9xico #102 Col. Obispado Monterrey, NLMexico<\/p><\/div><\/header><\/div><\/section><\/div><div class=\"vc_empty_space\"\n\t  style=\"height: 100px\"><span class=\"vc_empty_space_inner\"><\/span><\/div>\n<\/div><\/div><\/div><div class=\"wpb_column vc_column_container vc_col-sm-8\"><div class=\"vc_column-inner\"><div class=\"wpb_wrapper\"><h2 style=\"font-size: 22px;line-height: 30px;text-align: left\" class=\"vc_custom_heading vc_custom_1577726069123\" >Do you require our services?<\/h2>\n\t<div class=\"wpb_text_column wpb_content_element\" >\n\t\t<div class=\"wpb_wrapper\">\n\t\t\t\n                <div class='gf_browser_gecko gform_wrapper' id='gform_wrapper_1' ><form method='post' enctype='multipart\/form-data'  id='gform_1'  action='\/en\/wp-json\/wp\/v2\/pages\/4035' data-trp-original-action=\"\/en\/wp-json\/wp\/v2\/pages\/4035\">\n                        <div class='gform_body'><ul id='gform_fields_1' class='gform_fields top_label form_sublabel_below description_below'><li id='field_1_1'  class='gfield gfield_contains_required field_sublabel_below field_description_below gfield_visibility_visible' ><label class='gfield_label gfield_label_before_complex'  >Name<span class='gfield_required'>*<\/span><\/label><div class='ginput_complex ginput_container no_prefix has_first_name no_middle_name has_last_name no_suffix gf_name_has_2 ginput_container_name' id='input_1_1'>\n                            \n                            <span id='input_1_1_3_container' class='name_first' >\n                                                    <input type='text' name='input_1.3' id='input_1_1_3' value='' aria-label='First name'   aria-required=\"true\" aria-invalid=\"false\" \/>\n                                                    <label for='input_1_1_3' >First<\/label>\n                                                <\/span>\n                            \n                            <span id='input_1_1_6_container' class='name_last' >\n                                                    <input type='text' name='input_1.6' id='input_1_1_6' value='' aria-label='Last name'   aria-required=\"true\" aria-invalid=\"false\" \/>\n                                                    <label for='input_1_1_6' >Last<\/label>\n                                                <\/span>\n                            \n                        <\/div><\/li><li id='field_1_2'  class='gfield gfield_contains_required field_sublabel_below field_description_below gfield_visibility_visible' ><label class='gfield_label' for='input_1_2' >E-mail<span class='gfield_required'>*<\/span><\/label><div class='ginput_container ginput_container_email'>\n                            <input name='input_2' id='input_1_2' type='text' value='' class='medium'    aria-required=\"true\" aria-invalid=\"false\" \/>\n                        <\/div><\/li><li id='field_1_3'  class='gfield field_sublabel_below field_description_below gfield_visibility_visible' ><label class='gfield_label' for='input_1_3' >Question?<\/label><div class='ginput_container ginput_container_select'><select name='input_3' id='input_1_3' class='medium gfield_select'    aria-invalid=\"false\"><option value='Derecho Corporativo' >Corporate law<\/option><option value='Seguridad Social' >Social Security<\/option><option value='Derecho Familiar' >Family right<\/option><option value='Derecho Mercantil' >Commercial Law<\/option><option value='Competencia Econ\u00f3mica' >Economic Competition<\/option><option value='Seguros y Fianzas' >Insurance and sureties<\/option><option value='Derecho Minero' >Mining Law<\/option><option value='Derecho Administrativo' >Administrative law<\/option><option value='Derecho Fiscal' >Tax Law<\/option><option value='Propiedad Intelectual' >Intellectual property<\/option><option value='Derecho Penal' >Criminal law<\/option><option value='Derecho Migratorio' >Immigration Law<\/option><option value='Protecci\u00f3n al Consumidor' >Consumer protection<\/option><option value='Derecho Internacional' >International right<\/option><option value='Inversi\u00f3n Extranjera' >Foreign investment<\/option><option value='Comercio Exterior y Aduanas' >Foreign Trade and Customs<\/option><option value='Fusi\u00f3n y Adquisiciones' >Merger and Acquisitions<\/option><option value='Derecho Inmobiliario' >Real estate law<\/option><option value='Bancaria y Finanzas' >Banking and Finance<\/option><option value='Derecho Civil' >Civil law<\/option><option value='Otro' >Other<\/option><\/select><\/div><\/li><li id='field_1_4'  class='gfield field_sublabel_below field_description_below gfield_visibility_visible' ><label class='gfield_label' for='input_1_4' >Message<\/label><div class='ginput_container ginput_container_textarea'><textarea name='input_4' id='input_1_4' class='textarea medium'      aria-invalid=\"false\"   rows='10' cols='50'><\/textarea><\/div><\/li>\n                            <\/ul><\/div>\n        <div class='gform_footer top_label'> <input type='submit' id='gform_submit_button_1' class='gform_button button' value='Send'  onclick='if(window[\"gf_submitting_1\"]){return false;}  window[\"gf_submitting_1\"]=true;  ' onkeypress='if( event.keyCode == 13 ){ if(window[\"gf_submitting_1\"]){return false;} window[\"gf_submitting_1\"]=true;  jQuery(\"#gform_1\").trigger(\"submit\",[true]); }' \/> \n            <input type='hidden' class='gform_hidden' name='is_submit_1' value='1' \/>\n            <input type='hidden' class='gform_hidden' name='gform_submit' value='1' \/>\n            \n            <input type='hidden' class='gform_hidden' name='gform_unique_id' value='' \/>\n            <input type='hidden' class='gform_hidden' name='state_1' value='WyJbXSIsImJjNTNhMTA0NzBiYzNkNzA2NTVmYTYyZGVlMDc5NmZkIl0=' \/>\n            <input type='hidden' class='gform_hidden' name='gform_target_page_number_1' id='gform_target_page_number_1' value='0' \/>\n            <input type='hidden' class='gform_hidden' name='gform_source_page_number_1' id='gform_source_page_number_1' value='1' \/>\n            <input type='hidden' name='gform_field_values' value='' \/>\n            \n        <\/div>\n                        <input type=\"hidden\" name=\"trp-form-language\" value=\"en\"\/><\/form>\n                        <\/div><script type='text\/javascript'> jQuery(document).bind('gform_post_render', function(event, formId, currentPage){if(formId == 1) {} } );jQuery(document).bind('gform_post_conditional_logic', function(event, formId, fields, isInit){} );<\/script><script type='text\/javascript'> jQuery(document).ready(function(){jQuery(document).trigger('gform_post_render', [1, 1]) } ); <\/script>\n\n\t\t<\/div>\n\t<\/div>\n<\/div><\/div><\/div><\/div>","protected":false},"excerpt":{"rendered":"INFORMACI\u00d3N DE CONTACTO P\u00f3ngase en contacto con nosotros para tener el gusto de brindarle la mejor asesor\u00eda jur\u00eddica en Monterrey. margainabogados.comcontacto @margainabogados.com+52 81 8333 1919Calle M\u00e9xico #102 Col. Obispado Monterrey, N.L.M\u00e9xico \u00bfRequieres de nuestros servicios? Nombre* First Last Email* \u00bfCuesti\u00f3n?Derecho CorporativoSeguridad SocialDerecho FamiliarDerecho MercantilCompetencia Econ\u00f3micaSeguros y FianzasDerecho MineroDerecho AdministrativoDerecho FiscalPropiedad IntelectualDerecho PenalDerecho MigratorioProtecci\u00f3n al ConsumidorDerecho...","protected":false},"author":1,"featured_media":0,"parent":0,"menu_order":0,"comment_status":"closed","ping_status":"closed","template":"","meta":{"footnotes":""},"class_list":["post-4035","page","type-page","status-publish","hentry"],"_links":{"self":[{"href":"https:\/\/margainabogados.com\/en\/wp-json\/wp\/v2\/pages\/4035","targetHints":{"allow":["GET"]}}],"collection":[{"href":"https:\/\/margainabogados.com\/en\/wp-json\/wp\/v2\/pages"}],"about":[{"href":"https:\/\/margainabogados.com\/en\/wp-json\/wp\/v2\/types\/page"}],"author":[{"embeddable":true,"href":"https:\/\/margainabogados.com\/en\/wp-json\/wp\/v2\/users\/1"}],"replies":[{"embeddable":true,"href":"https:\/\/margainabogados.com\/en\/wp-json\/wp\/v2\/comments?post=4035"}],"version-history":[{"count":0,"href":"https:\/\/margainabogados.com\/en\/wp-json\/wp\/v2\/pages\/4035\/revisions"}],"wp:attachment":[{"href":"https:\/\/margainabogados.com\/en\/wp-json\/wp\/v2\/media?parent=4035"}],"curies":[{"name":"wp","href":"https:\/\/api.w.org\/{rel}","templated":true}]}}